{"id":13,"date":"2015-09-02T18:02:41","date_gmt":"2015-09-02T18:02:41","guid":{"rendered":"http:\/\/wp1085914.server-he.de\/?page_id=13"},"modified":"2015-09-13T10:08:40","modified_gmt":"2015-09-13T08:08:40","slug":"psychotherapie","status":"publish","type":"page","link":"https:\/\/www.frank-mehren.de\/?page_id=13","title":{"rendered":"Psychotherapie"},"content":{"rendered":"<hr \/>\n<p style=\"text-align: right;\"><strong><a href=\"http:\/\/wp1085914.server-he.de\/wp-content\/uploads\/2015\/09\/4.jpg\"><img decoding=\"async\" loading=\"lazy\" class=\"alignright wp-image-53\" src=\"http:\/\/wp1085914.server-he.de\/wp-content\/uploads\/2015\/09\/4-640x360.jpg\" alt=\"4\" width=\"431\" height=\"242\" srcset=\"https:\/\/www.frank-mehren.de\/wp-content\/uploads\/2015\/09\/4-640x360.jpg 640w, https:\/\/www.frank-mehren.de\/wp-content\/uploads\/2015\/09\/4-1024x576.jpg 1024w, https:\/\/www.frank-mehren.de\/wp-content\/uploads\/2015\/09\/4.jpg 1920w\" sizes=\"(max-width: 431px) 100vw, 431px\" \/><\/a><\/strong><\/p>\n<p style=\"text-align: left;\"><span style=\"color: #3366ff;\"><strong>Was ist Psychotherapie?<\/strong><\/span><\/p>\n<p style=\"text-align: justify;\"><span style=\"color: #3366ff;\">Psychotherapie bedeutet w\u00f6rtlich \u00fcbersetzt &#8222;Behandlung der Seele bzw. seelischer Probleme&#8220;. Es geht dabei um die gezielte pers\u00f6nliche Auseinandersetzung mit dem eigenen Denken, F\u00fchlen und Verhalten. Diese Auseinandersetzung wird unterst\u00fctzt und begleitet von einer Diplom-PsychologIn oder einem Arzt\/\u00c4rztin mit im Schnitt f\u00fcnfj\u00e4hriger Zusatzausbildung. Seit dem 1.1.1999 ist eine staatliche Anerkennung (Approbation) Voraussetzung f\u00fcr die heilkundliche Aus\u00fcbung der Psychotherapie, die zum Schutz der PatientIn eine ausreichende Ausbildung der PsychotherapeutIn sicherstellen soll.<\/span><\/p>\n<p><span style=\"color: #3366ff;\"><strong>Welche Psychotherapieverfahren gibt es?<\/strong><\/span><\/p>\n<p style=\"text-align: justify;\"><span style=\"color: #3366ff;\">Es gibt unterschiedliche psychotherapeutische Methoden, mit denen ein psychisches Problem behandelt werden kann. Die zur Anwendung kommenden Methoden richten sich nach der Ausbildung des PsychotherapeutIn und nach Ihrer speziellen Problemlage. Deswegen ist es wichtig, bei der Suche nach einer geeigneten PsychotherapeutIn nach der Ausbildung der PsychotherapeutIn zu fragen, da nicht jede Methode bei jeder Problematik geeignet ist. H\u00e4ufig haben PsychotherapeutInnen auch Kenntnis in verschiedenen Behandlungsmethoden. Aufgrund neuer Bestimmungen werden die Kosten von der gesetzlichen Krankenversicherung f\u00fcr alle Altersgruppen seit dem 1.1.1999 nur noch f\u00fcr Verhaltenstherapie und tiefenpsychologische bzw. analytische Therapieverfahren \u00fcbernommen.<\/span><\/p>\n<p style=\"text-align: justify;\"><span style=\"color: #3366ff;\">In der Verhaltenstherapie steht das aktuelle psychische Problem und seine Bew\u00e4ltigung im Vordergrund. Die pers\u00f6nliche Lebensgeschichte findet besondere Ber\u00fccksichtigung, da sie f\u00fcr die Entstehung und Aufrechterhaltung des Problems wichtig ist. Es werden Erkl\u00e4rungsmodelle f\u00fcr die aktuellen Probleme erarbeitet. Die PatientIn hat die M\u00f6glichkeit, neue Denk- und Verhaltensweisen auszuprobieren, die mit angenehmerem F\u00fchlen und Empfinden einhergehen k\u00f6nnen, und sich diese im Sinne eines Lernprozesses anzueignen. Dabei wird gro\u00dfer Wert auf die Absprache der Therapieziele und Vorgehensweisen mit der PatientIn gelegt. Die Wirksamkeit der Verhaltenstherapie ist bei vielen psychischen Problemen, wie z. B. Depressionen, \u00c4ngsten, Zw\u00e4ngen und Selbstsicherheitsproblemen wissenschaftlich sehr gut belegt.<\/span><\/p>\n<p style=\"text-align: justify;\"><span style=\"color: #3366ff;\">Tiefenpsychologische Verfahren wie auch die Psychoanalyse gehen davon aus, dass aktuelle psychische Probleme Folge unbewusster Konflikte aus der Kindheit sind, die in der Therapie wieder bewusst gemacht und bearbeitet werden sollten. Dazu werden u. a. Gedanken und Gef\u00fchle in freier Assoziation ge\u00e4u\u00dfert und ggf. Trauminhalte mitgeteilt, die dann als symbolische \u00c4u\u00dferungen unbewusster Inhalten gedeutet werden.<\/span><\/p>\n<h1><span style=\"color: #3366ff;\"><strong>\u00a0<\/strong><\/span><\/h1>\n<p><span style=\"color: #3366ff;\"><strong>Warum Psychotherapie?<\/strong><\/span><\/p>\n<p style=\"text-align: justify;\"><span style=\"color: #3366ff;\">Psychotherapie bietet Hilfe bei St\u00f6rungen des Denkens, F\u00fchlens und Handelns. H\u00e4ufige Anl\u00e4sse f\u00fcr Psychotherapie sind u. a. Depressionen, \u00c4ngste, Zw\u00e4nge, aber auch k\u00f6rperliche Beschwerden, die durch psychische Probleme entstehen oder aufrecht erhalten werden. In der Regel leiden die Menschen, die therapeutische Hilfe suchen, oder oft auch deren Angeh\u00f6rigen oder Freunde, stark unter deren Beschwerden, so dass eine Ver\u00e4nderung gew\u00fcnscht wird. Die Probleme k\u00f6nnen eine Reaktion auf konkrete Ereignisse &#8211; Verlust eines wichtigen Menschen, Verlust von Arbeit oder Heimat, k\u00f6rperliche Krankheit, erlebte Gewalt u. v. m. &#8211; darstellen oder auch ohne einen konkreten \u00e4u\u00dferen Zusammenhang erlebt werden &#8222;L\u00f6sungsorientiert&#8220; meint in diesem Zusammenhang, dass der Fokus der Beratung nicht auf die Problemebene gerichtet ist (z.B. &#8222;Warum mache ich immer wieder etwas falsch?&#8220;), sondern auf die L\u00f6sungsebene (&#8222;Was kann ich anders machen und wie gelingt mir das?&#8220;).<\/span><\/p>\n<p style=\"text-align: justify;\"><span style=\"color: #3366ff;\">Ob eine Psychotherapie im Einzelfall angezeigt ist, l\u00e4sst sich mit Hilfe einer PsychotherapeutIn bei einem Vorgespr\u00e4ch kl\u00e4ren. Bei bestimmten psychischen St\u00f6rungen kann auch eine unterst\u00fctzende medikament\u00f6se Behandlung durch eine PsychiaterIn zweckm\u00e4\u00dfig sein.<\/span><\/p>\n<p><span style=\"color: #3366ff;\"><strong>(Informationen der DGVT (Auszug): http:\/\/www.dgvt.de\/patienteninformation.html)<\/strong><\/span><\/p>\n","protected":false},"excerpt":{"rendered":"<p>Was ist Psychotherapie? Psychotherapie bedeutet w\u00f6rtlich \u00fcbersetzt &#8222;Behandlung der Seele bzw. seelischer Probleme&#8220;. Es geht dabei um die gezielte pers\u00f6nliche Auseinandersetzung mit dem eigenen Denken, F\u00fchlen und Verhalten. Diese Auseinandersetzung wird unterst\u00fctzt und begleitet von einer Diplom-PsychologIn oder einem Arzt\/\u00c4rztin mit im Schnitt f\u00fcnfj\u00e4hriger Zusatzausbildung. Seit dem 1.1.1999 ist eine staatliche Anerkennung (Approbation) Voraussetzung f\u00fcr <a class=\"more-link\" href=\"https:\/\/www.frank-mehren.de\/?page_id=13\">Weiterlesen&#8230;<\/a><\/p>\n","protected":false},"author":1,"featured_media":0,"parent":0,"menu_order":1,"comment_status":"closed","ping_status":"closed","template":"","meta":[],"_links":{"self":[{"href":"https:\/\/www.frank-mehren.de\/index.php?rest_route=\/wp\/v2\/pages\/13"}],"collection":[{"href":"https:\/\/www.frank-mehren.de\/index.php?rest_route=\/wp\/v2\/pages"}],"about":[{"href":"https:\/\/www.frank-mehren.de\/index.php?rest_route=\/wp\/v2\/types\/page"}],"author":[{"embeddable":true,"href":"https:\/\/www.frank-mehren.de\/index.php?rest_route=\/wp\/v2\/users\/1"}],"replies":[{"embeddable":true,"href":"https:\/\/www.frank-mehren.de\/index.php?rest_route=%2Fwp%2Fv2%2Fcomments&post=13"}],"version-history":[{"count":9,"href":"https:\/\/www.frank-mehren.de\/index.php?rest_route=\/wp\/v2\/pages\/13\/revisions"}],"predecessor-version":[{"id":41,"href":"https:\/\/www.frank-mehren.de\/index.php?rest_route=\/wp\/v2\/pages\/13\/revisions\/41"}],"wp:attachment":[{"href":"https:\/\/www.frank-mehren.de\/index.php?rest_route=%2Fwp%2Fv2%2Fmedia&parent=13"}],"curies":[{"name":"wp","href":"https:\/\/api.w.org\/{rel}","templated":true}]}}