{"id":17,"date":"2015-09-02T18:02:29","date_gmt":"2015-09-02T18:02:29","guid":{"rendered":"http:\/\/wp1085914.server-he.de\/?page_id=17"},"modified":"2017-08-08T21:09:55","modified_gmt":"2017-08-08T19:09:55","slug":"impressum","status":"publish","type":"page","link":"https:\/\/www.frank-mehren.de\/?page_id=17","title":{"rendered":"Impressum"},"content":{"rendered":"<p><strong><span style=\"text-decoration: underline;\">Impressum:<\/span><\/strong><\/p>\n<p><b>Pflichtangaben gem. \u00a7 5 Telemediengesetz (TMG)<\/b><br \/>\nInhaber der Domain:<br \/>\nPraxis f\u00fcr Psychotherapie<br \/>\nDipl.-Psych. Frank Mehren<br \/>\nFreiheit 28<br \/>\n57368 Lennestadt-Bilstein<\/p>\n<p><b>Kontakt<\/b><br \/>\nTelefon: 02721-6038930<br \/>\neMail: <a href=\"mailto:fm@frank-mehren.de\">fm@frank-mehren.de<\/a><br \/>\nWeb: <a href=\"http:\/\/www.frank-mehren.de\/\">www.frank-mehren.de<\/a><\/p>\n<p><b>Gesetzliche Berufsbezeichnung<\/b><br \/>\nPsychologischer Psychotherapeut<br \/>\n(verliehen in der Bundesrepublik Deutschland)<\/p>\n<p><b>Zugeh\u00f6rige Aufsichtsbeh\u00f6rde<\/b><br \/>\nPsychotherapeutenkammer NRW, Willst\u00e4tterstra\u00dfe 10, 40549 D\u00fcsseldorf<br \/>\nTelefon: 0211-522847-0<br \/>\nFax: 0211-522847-15<br \/>\neMail: <a href=\"mailto:info@psychotherapeutenkammer.de\">info@psychotherapeutenkammer.de<\/a><br \/>\nWeb: <a href=\"http:\/\/www.ptk-nrw.de\/\">www.ptk-nrw.de<\/a><\/p>\n<p><strong>Zust\u00e4ndige Kammern:<\/strong><br \/>\nPsychotherapeutenkammer NRW, Willst\u00e4tter Str. 10, 40549 D\u00fcsseldorf<br \/>\nTel.: 0211-522847-0, Fax: 0211-522847-15<br \/>\neMail: <a href=\"mailto:info@psychotherapeutenkammer.de\">info@psychotherapeutenkammer.de<\/a><br \/>\nWeb: <a href=\"http:\/\/www.ptk-nrw.de\/\">www.ptk-nrw.de<\/a><\/p>\n<p>\u00c4rztekammer Westfalen-Lippe, Gartenstra\u00dfe 210-214, 48147 M\u00fcnster\/Westfalen<br \/>\nTel.: 0251-929-0, Fax: 0251-929-2999<br \/>\neMail: <a href=\"mailto:posteingang@aekwl.de\">posteingang@aekwl.de<\/a><br \/>\nWeb: <a href=\"http:\/\/www.aekwl.de\/\">www.aekwl.de<\/a><\/p>\n<p><b>Ma\u00dfgebliche berufsrechtliche Regelungen und Berufsordnung<\/b><\/p>\n<ul>\n<li style=\"text-align: justify;\">Gesetz \u00fcber die Berufe des Psychologischen Psychotherapeuten und des Kinder- und Jugendlichenpsychotherapeuten (Psychotherapeutengesetz &#8211; PsychThG) v. 16.06.1998 (BGBl. l S. 1311), zuletzt ge\u00e4ndert am 20.06.2002 (BGBl. l S. 1946, 1996).<\/li>\n<\/ul>\n<ul>\n<li>Heilberufsgesetz NRW<\/li>\n<\/ul>\n<p><b>Inhaltlich Verantwortlicher im Sinne des Telemediengesetzes<\/b><br \/>\nFrank Mehren<br \/>\nFreiheit 28<br \/>\n57368 Lennestadt<\/p>\n<p style=\"text-align: justify;\"><b>Haftungshinweis<\/b><br \/>\nTrotz sorgf\u00e4ltiger inhaltlicher Pr\u00fcfung \u00fcbernehme ich keine Haftung f\u00fcr die Inhalte externer Links. F\u00fcr den Inhalt der verlinkten Seiten sind ausschlie\u00dflich deren Betreiber verantwortlich.<\/p>\n<p style=\"text-align: justify;\"><b>Inhalt<\/b><br \/>\nDie Informationen dieser Website werden mit gr\u00f6\u00dftm\u00f6glicher Sorgfalt aufbereitet. Ich \u00fcbernehme keine Haftung f\u00fcr die Richtigkeit, Vollst\u00e4ndigkeit und Aktualit\u00e4t der bereitgestellten Informationen. Weiterhin haften ich nicht f\u00fcr Sch\u00e4den jeglicher Art, die durch Nutzung der Informationen verursacht werden, sofern mir nicht vors\u00e4tzliches oder grob fahrl\u00e4ssiges Verschulden zur Last gelegt und nachgewiesen wird. Ich behalten es uns vor, jederzeit Teile der Seiten oder das gesamte Angebot zu ver\u00e4ndern, zu l\u00f6schen oder die Ver\u00f6ffentlichung zeitweise oder endg\u00fcltig einzustellen.<\/p>\n<p>\u00a9 2015 Praxis f\u00fcr Psychotherapie Frank Mehren, Freiheit 28, 57368 Lennestadt.<\/p>\n","protected":false},"excerpt":{"rendered":"<p>Impressum: Pflichtangaben gem. \u00a7 5 Telemediengesetz (TMG) Inhaber der Domain: Praxis f\u00fcr Psychotherapie Dipl.-Psych. Frank Mehren Freiheit 28 57368 Lennestadt-Bilstein Kontakt Telefon: 02721-6038930 eMail: fm@frank-mehren.de Web: www.frank-mehren.de Gesetzliche Berufsbezeichnung Psychologischer Psychotherapeut (verliehen in der Bundesrepublik Deutschland) Zugeh\u00f6rige Aufsichtsbeh\u00f6rde Psychotherapeutenkammer NRW, Willst\u00e4tterstra\u00dfe 10, 40549 D\u00fcsseldorf Telefon: 0211-522847-0 Fax: 0211-522847-15 eMail: info@psychotherapeutenkammer.de Web: www.ptk-nrw.de Zust\u00e4ndige Kammern: Psychotherapeutenkammer <a class=\"more-link\" href=\"https:\/\/www.frank-mehren.de\/?page_id=17\">Weiterlesen&#8230;<\/a><\/p>\n","protected":false},"author":1,"featured_media":0,"parent":0,"menu_order":4,"comment_status":"closed","ping_status":"closed","template":"","meta":[],"_links":{"self":[{"href":"https:\/\/www.frank-mehren.de\/index.php?rest_route=\/wp\/v2\/pages\/17"}],"collection":[{"href":"https:\/\/www.frank-mehren.de\/index.php?rest_route=\/wp\/v2\/pages"}],"about":[{"href":"https:\/\/www.frank-mehren.de\/index.php?rest_route=\/wp\/v2\/types\/page"}],"author":[{"embeddable":true,"href":"https:\/\/www.frank-mehren.de\/index.php?rest_route=\/wp\/v2\/users\/1"}],"replies":[{"embeddable":true,"href":"https:\/\/www.frank-mehren.de\/index.php?rest_route=%2Fwp%2Fv2%2Fcomments&post=17"}],"version-history":[{"count":5,"href":"https:\/\/www.frank-mehren.de\/index.php?rest_route=\/wp\/v2\/pages\/17\/revisions"}],"predecessor-version":[{"id":123,"href":"https:\/\/www.frank-mehren.de\/index.php?rest_route=\/wp\/v2\/pages\/17\/revisions\/123"}],"wp:attachment":[{"href":"https:\/\/www.frank-mehren.de\/index.php?rest_route=%2Fwp%2Fv2%2Fmedia&parent=17"}],"curies":[{"name":"wp","href":"https:\/\/api.w.org\/{rel}","templated":true}]}}