{"id":9,"date":"2015-09-02T17:59:58","date_gmt":"2015-09-02T17:59:58","guid":{"rendered":"http:\/\/wp1085914.server-he.de\/?page_id=9"},"modified":"2022-09-22T17:43:58","modified_gmt":"2022-09-22T15:43:58","slug":"hauptseite","status":"publish","type":"page","link":"https:\/\/www.frank-mehren.de\/","title":{"rendered":"Startseite"},"content":{"rendered":"<p style=\"text-align: center;\"><span style=\"color: #000000;\"><strong>Herzlich Willkommen auf meiner Website!<\/strong><\/span><\/p>\n<p style=\"text-align: center;\"><span style=\"color: #000000;\"><strong>Auf den folgenden Seiten k\u00f6nnen Sie sich \u00fcber meine T\u00e4tigkeit als psychologischer Psychotherapeut (Verhaltenstherapie) <\/strong><\/span><\/p>\n<p style=\"text-align: center;\"><span style=\"color: #000000;\"><strong>in Lennestadt-Bilstein informieren:<\/strong><\/span><\/p>\n<hr \/>\n<p style=\"text-align: center;\"><span style=\"color: #3366ff;\"><strong>Psychotherapeutische Praxis Frank Mehren<\/strong><\/span><\/p>\n<p style=\"text-align: center;\"><span style=\"color: #3366ff;\"><strong>Freiheit 28<\/strong><\/span><\/p>\n<p style=\"text-align: center;\"><span style=\"color: #3366ff;\"><strong>57368 Lennestadt-Bilstein<\/strong><\/span><\/p>\n<p style=\"text-align: center;\"><span style=\"color: #3366ff;\"><strong>Tel.: 02721 &#8211; 6038930<\/strong><\/span><\/p>\n<p style=\"text-align: center;\"><strong><span style=\"color: #3366ff;\">\u00a0&#8211; alle Kassen\u00a0&#8211;<\/span><\/strong><\/p>\n<hr \/>\n","protected":false},"excerpt":{"rendered":"<p>Herzlich Willkommen auf meiner Website! Auf den folgenden Seiten k\u00f6nnen Sie sich \u00fcber meine T\u00e4tigkeit als psychologischer Psychotherapeut (Verhaltenstherapie) in Lennestadt-Bilstein informieren: Psychotherapeutische Praxis Frank Mehren Freiheit 28 57368 Lennestadt-Bilstein Tel.: 02721 &#8211; 6038930 \u00a0&#8211; alle Kassen\u00a0&#8211;<\/p>\n","protected":false},"author":1,"featured_media":0,"parent":0,"menu_order":0,"comment_status":"closed","ping_status":"closed","template":"","meta":[],"_links":{"self":[{"href":"https:\/\/www.frank-mehren.de\/index.php?rest_route=\/wp\/v2\/pages\/9"}],"collection":[{"href":"https:\/\/www.frank-mehren.de\/index.php?rest_route=\/wp\/v2\/pages"}],"about":[{"href":"https:\/\/www.frank-mehren.de\/index.php?rest_route=\/wp\/v2\/types\/page"}],"author":[{"embeddable":true,"href":"https:\/\/www.frank-mehren.de\/index.php?rest_route=\/wp\/v2\/users\/1"}],"replies":[{"embeddable":true,"href":"https:\/\/www.frank-mehren.de\/index.php?rest_route=%2Fwp%2Fv2%2Fcomments&post=9"}],"version-history":[{"count":18,"href":"https:\/\/www.frank-mehren.de\/index.php?rest_route=\/wp\/v2\/pages\/9\/revisions"}],"predecessor-version":[{"id":142,"href":"https:\/\/www.frank-mehren.de\/index.php?rest_route=\/wp\/v2\/pages\/9\/revisions\/142"}],"wp:attachment":[{"href":"https:\/\/www.frank-mehren.de\/index.php?rest_route=%2Fwp%2Fv2%2Fmedia&parent=9"}],"curies":[{"name":"wp","href":"https:\/\/api.w.org\/{rel}","templated":true}]}}